{"id":414,"date":"2020-05-31T14:04:54","date_gmt":"2020-05-31T12:04:54","guid":{"rendered":"https:\/\/www.mbt-hb.de\/mobiles-beratungsteam-gegen-rechtsextremismus\/"},"modified":"2022-08-03T10:25:53","modified_gmt":"2022-08-03T08:25:53","slug":"mobiles-beratungsteam-gegen-rechtsextremismus","status":"publish","type":"page","link":"https:\/\/www.mbt-hb.de\/ls\/","title":{"rendered":"MBT"},"content":{"rendered":"\n<div class=\"wp-block-columns is-layout-flex wp-container-core-columns-is-layout-9d6595d7 wp-block-columns-is-layout-flex\">\n<div class=\"wp-block-column is-layout-flow wp-block-column-is-layout-flow\"><div class=\"wp-block-image\">\n<figure class=\"aligncenter size-full is-resized\"><img loading=\"lazy\" decoding=\"async\" src=\"https:\/\/www.mbt-hb.de\/wp-content\/uploads\/2022\/05\/mbt_logo-1.png\" alt=\"\" class=\"wp-image-608\" width=\"287\" height=\"256\" srcset=\"https:\/\/www.mbt-hb.de\/wp-content\/uploads\/2022\/05\/mbt_logo-1.png 574w, https:\/\/www.mbt-hb.de\/wp-content\/uploads\/2022\/05\/mbt_logo-1-300x268.png 300w\" sizes=\"auto, (max-width: 287px) 100vw, 287px\" \/><\/figure>\n<\/div><\/div>\n\n\n\n<div class=\"wp-block-column is-vertically-aligned-center is-layout-flow wp-block-column-is-layout-flow\">\n<p>Wir sind das:<\/p>\n\n\n\n<p class=\"has-text-align-left\"><strong>M<\/strong>obile <strong>B<\/strong>eratungs<strong>t<\/strong>eam gegen Rechtsextremismus<br>in Bremen und Bremerhaven.<br>Unser kurzer Name ist: <strong>mbt<\/strong>.<br>Wir beraten und helfen<br>bei diesen Fragen und Problemen:<\/p>\n<\/div>\n<\/div>\n\n\n\n<div class=\"wp-block-columns is-layout-flex wp-container-core-columns-is-layout-9d6595d7 wp-block-columns-is-layout-flex\">\n<div class=\"wp-block-column is-vertically-aligned-center is-layout-flow wp-block-column-is-layout-flow\"><div class=\"wp-block-image\">\n<figure class=\"aligncenter size-large is-resized\"><img loading=\"lazy\" decoding=\"async\" src=\"https:\/\/www.mbt-hb.de\/wp-content\/uploads\/2022\/05\/frau8-173-1-363x1024.png\" alt=\"\" class=\"wp-image-611\" width=\"91\" height=\"256\" srcset=\"https:\/\/www.mbt-hb.de\/wp-content\/uploads\/2022\/05\/frau8-173-1-363x1024.png 363w, https:\/\/www.mbt-hb.de\/wp-content\/uploads\/2022\/05\/frau8-173-1-768x2168.png 768w, https:\/\/www.mbt-hb.de\/wp-content\/uploads\/2022\/05\/frau8-173-1-544x1536.png 544w, https:\/\/www.mbt-hb.de\/wp-content\/uploads\/2022\/05\/frau8-173-1-726x2048.png 726w, https:\/\/www.mbt-hb.de\/wp-content\/uploads\/2022\/05\/frau8-173-1.png 784w\" sizes=\"auto, (max-width: 91px) 100vw, 91px\" \/><\/figure>\n<\/div><\/div>\n\n\n\n<div class=\"wp-block-column is-vertically-aligned-center is-layout-flow wp-block-column-is-layout-flow\">\n<p><strong>Rechtsextremismus<\/strong><\/p>\n\n\n\n<p>Das spricht man: rechts-ex-tre-mis-mus.<br>Das ist eine politische Meinung mit rechten Gedanken.<br>Personen mit dieser Meinung denken:<br>Nur die eigene Bev\u00f6lkerung ist gut und wichtig.<br>Alle anderen Menschen sind schlecht und unwichtig.<br>Rechtsextreme tun anderen Menschen<br>oft Hass und Gewalt an.<\/p>\n<\/div>\n<\/div>\n\n\n\n<div class=\"wp-block-columns is-layout-flex wp-container-core-columns-is-layout-9d6595d7 wp-block-columns-is-layout-flex\">\n<div class=\"wp-block-column is-layout-flow wp-block-column-is-layout-flow\"><div class=\"wp-block-image\">\n<figure class=\"aligncenter size-large is-resized\"><img loading=\"lazy\" decoding=\"async\" src=\"https:\/\/www.mbt-hb.de\/wp-content\/uploads\/2022\/05\/menschen_verschiedene-laender-304_Mann-einzeln-4-386x1024.png\" alt=\"\" class=\"wp-image-604\" width=\"97\" height=\"256\" srcset=\"https:\/\/www.mbt-hb.de\/wp-content\/uploads\/2022\/05\/menschen_verschiedene-laender-304_Mann-einzeln-4-386x1024.png 386w, https:\/\/www.mbt-hb.de\/wp-content\/uploads\/2022\/05\/menschen_verschiedene-laender-304_Mann-einzeln-4-579x1536.png 579w, https:\/\/www.mbt-hb.de\/wp-content\/uploads\/2022\/05\/menschen_verschiedene-laender-304_Mann-einzeln-4.png 663w\" sizes=\"auto, (max-width: 97px) 100vw, 97px\" \/><\/figure>\n<\/div><\/div>\n\n\n\n<div class=\"wp-block-column is-vertically-aligned-center is-layout-flow wp-block-column-is-layout-flow\">\n<p><strong>Rassismus<\/strong><\/p>\n\n\n\n<p>Das spricht man: ra-siss-mus.<br>Das sind schlechte Meinungen \u00fcber Menschen<br>mit anderem Aussehen oder anderen Kulturen.<br>Zum Beispiel:<br>Menschen mit dunkler Haut sind weniger wichtig<br>als Menschen mit heller Haut.<br>Rassisten tun anderen Menschen<br>oft Hass und Gewalt an.<\/p>\n<\/div>\n<\/div>\n\n\n\n<div class=\"wp-block-columns is-layout-flex wp-container-core-columns-is-layout-9d6595d7 wp-block-columns-is-layout-flex\">\n<div class=\"wp-block-column is-vertically-aligned-top is-layout-flow wp-block-column-is-layout-flow\" style=\"flex-basis:100%\">\n<div class=\"wp-block-columns alignwide is-layout-flex wp-container-core-columns-is-layout-9d6595d7 wp-block-columns-is-layout-flex\">\n<div class=\"wp-block-column is-layout-flow wp-block-column-is-layout-flow\" style=\"flex-basis:50%\"><div class=\"wp-block-image\">\n<figure class=\"aligncenter is-resized\"><img loading=\"lazy\" decoding=\"async\" src=\"https:\/\/www.mbt-hb.de\/wp-content\/uploads\/2022\/05\/Rabbi-judisch-401x1024.png\" alt=\"\" class=\"wp-image-470\" width=\"100\" height=\"256\" srcset=\"https:\/\/www.mbt-hb.de\/wp-content\/uploads\/2022\/05\/Rabbi-judisch-401x1024.png 401w, https:\/\/www.mbt-hb.de\/wp-content\/uploads\/2022\/05\/Rabbi-judisch-768x1960.png 768w, https:\/\/www.mbt-hb.de\/wp-content\/uploads\/2022\/05\/Rabbi-judisch-602x1536.png 602w, https:\/\/www.mbt-hb.de\/wp-content\/uploads\/2022\/05\/Rabbi-judisch-803x2048.png 803w, https:\/\/www.mbt-hb.de\/wp-content\/uploads\/2022\/05\/Rabbi-judisch.png 1088w\" sizes=\"auto, (max-width: 100px) 100vw, 100px\" \/><\/figure>\n<\/div><\/div>\n\n\n\n<div class=\"wp-block-column is-vertically-aligned-center is-layout-flow wp-block-column-is-layout-flow\" style=\"flex-basis:50%\">\n<p><strong>Antis<strong>e<\/strong>mitismus<\/strong><\/p>\n\n\n\n<p>Das spricht man: an-ti-se-mi-tis-mus.<br>Das sind schlechte Meinungen<br>\u00fcber j\u00fcdische Menschen.<br>Personen mit dieser Meinung denken:<br>J\u00fcdische Menschen sind schlecht und unwichtig.<br>Antisemiten tun j\u00fcdischen Menschen<br>oft Hass und Gewalt an.<\/p>\n<\/div>\n<\/div>\n<\/div>\n<\/div>\n\n\n\n<div class=\"wp-block-columns alignwide are-vertically-aligned-center is-layout-flex wp-container-core-columns-is-layout-9d6595d7 wp-block-columns-is-layout-flex\">\n<div class=\"wp-block-column is-vertically-aligned-center is-layout-flow wp-block-column-is-layout-flow\" style=\"flex-basis:50%\"><div class=\"wp-block-image\">\n<figure class=\"aligncenter is-resized\"><img loading=\"lazy\" decoding=\"async\" src=\"https:\/\/www.mbt-hb.de\/wp-content\/uploads\/2022\/05\/Gruppe-Maenner2-1663-1024x813.png\" alt=\"\" class=\"wp-image-473\" width=\"256\" height=\"203\" srcset=\"https:\/\/www.mbt-hb.de\/wp-content\/uploads\/2022\/05\/Gruppe-Maenner2-1663-1024x813.png 1024w, https:\/\/www.mbt-hb.de\/wp-content\/uploads\/2022\/05\/Gruppe-Maenner2-1663-300x238.png 300w, https:\/\/www.mbt-hb.de\/wp-content\/uploads\/2022\/05\/Gruppe-Maenner2-1663-768x609.png 768w, https:\/\/www.mbt-hb.de\/wp-content\/uploads\/2022\/05\/Gruppe-Maenner2-1663-1536x1219.png 1536w, https:\/\/www.mbt-hb.de\/wp-content\/uploads\/2022\/05\/Gruppe-Maenner2-1663-2048x1625.png 2048w\" sizes=\"auto, (max-width: 256px) 100vw, 256px\" \/><\/figure>\n<\/div><\/div>\n\n\n\n<div class=\"wp-block-column is-vertically-aligned-center is-layout-flow wp-block-column-is-layout-flow\" style=\"flex-basis:50%\">\n<p>Es gibt noch mehr Hass und Gewalt<br>gegen viele verschiedene Menschen-Gruppen.<br>Wir beraten und helfen bei allen diesen Problemen.<\/p>\n\n\n\n<p>Hass und Gewalt k\u00f6nnen sehr verschieden sein.<\/p>\n<\/div>\n<\/div>\n\n\n\n<div class=\"wp-block-columns alignwide is-layout-flex wp-container-core-columns-is-layout-9d6595d7 wp-block-columns-is-layout-flex\">\n<div class=\"wp-block-column is-layout-flow wp-block-column-is-layout-flow\" style=\"flex-basis:50%\"><div class=\"wp-block-image\">\n<figure class=\"aligncenter is-resized\"><img loading=\"lazy\" decoding=\"async\" src=\"https:\/\/www.mbt-hb.de\/wp-content\/uploads\/2022\/05\/ausgrenzen_rassistisch-046-1024x666.png\" alt=\"\" class=\"wp-image-476\" width=\"256\" height=\"167\" srcset=\"https:\/\/www.mbt-hb.de\/wp-content\/uploads\/2022\/05\/ausgrenzen_rassistisch-046-1024x666.png 1024w, https:\/\/www.mbt-hb.de\/wp-content\/uploads\/2022\/05\/ausgrenzen_rassistisch-046-300x195.png 300w, https:\/\/www.mbt-hb.de\/wp-content\/uploads\/2022\/05\/ausgrenzen_rassistisch-046-768x499.png 768w, https:\/\/www.mbt-hb.de\/wp-content\/uploads\/2022\/05\/ausgrenzen_rassistisch-046-1536x998.png 1536w, https:\/\/www.mbt-hb.de\/wp-content\/uploads\/2022\/05\/ausgrenzen_rassistisch-046-2048x1331.png 2048w\" sizes=\"auto, (max-width: 256px) 100vw, 256px\" \/><\/figure>\n<\/div><\/div>\n\n\n\n<div class=\"wp-block-column is-vertically-aligned-center is-layout-flow wp-block-column-is-layout-flow\" style=\"flex-basis:50%\">\n<p>Zum Beispiel:<\/p>\n\n\n\n<ul class=\"wp-block-list\"><li>An einer Wand in der Schule stehen<br>Beleidigungen gegen j\u00fcdische Menschen.<\/li><li>Nazi-Gruppen im Ort bedrohen andere Menschen.<\/li><li>Mitarbeiter in einer Firma sind ungerecht<br>zum Kollegen mit anderer Hautfarbe.<\/li><li>Eine T\u00fcrkin kann im Sportverein <strong>nicht<\/strong> mitmachen,<br>weil sie einen anderen Glauben hat.<\/li><\/ul>\n<\/div>\n<\/div>\n\n\n\n<div style=\"height:100px\" aria-hidden=\"true\" class=\"wp-block-spacer\"><\/div>\n\n\n\n<h2 class=\"wp-block-heading\">Wie beraten wir Sie?<\/h2>\n\n\n\n<div class=\"wp-block-columns alignwide is-layout-flex wp-container-core-columns-is-layout-9d6595d7 wp-block-columns-is-layout-flex\">\n<div class=\"wp-block-column is-layout-flow wp-block-column-is-layout-flow\" style=\"flex-basis:50%\"><div class=\"wp-block-image\">\n<figure class=\"aligncenter is-resized\"><img loading=\"lazy\" decoding=\"async\" src=\"https:\/\/www.mbt-hb.de\/wp-content\/uploads\/2022\/05\/Beratung-Gefluchtete-1024x1002.png\" alt=\"\" class=\"wp-image-480\" width=\"256\" height=\"251\" srcset=\"https:\/\/www.mbt-hb.de\/wp-content\/uploads\/2022\/05\/Beratung-Gefluchtete-1024x1002.png 1024w, https:\/\/www.mbt-hb.de\/wp-content\/uploads\/2022\/05\/Beratung-Gefluchtete-300x293.png 300w, https:\/\/www.mbt-hb.de\/wp-content\/uploads\/2022\/05\/Beratung-Gefluchtete-768x751.png 768w, https:\/\/www.mbt-hb.de\/wp-content\/uploads\/2022\/05\/Beratung-Gefluchtete-1536x1502.png 1536w, https:\/\/www.mbt-hb.de\/wp-content\/uploads\/2022\/05\/Beratung-Gefluchtete.png 2008w\" sizes=\"auto, (max-width: 256px) 100vw, 256px\" \/><\/figure>\n<\/div><\/div>\n\n\n\n<div class=\"wp-block-column is-vertically-aligned-center is-layout-flow wp-block-column-is-layout-flow\" style=\"flex-basis:50%\">\n<p>Alle Menschen haben die gleichen Rechte.<br>Und alle Menschen sollen ihre Rechte bekommen.<br>Darauf achten wir bei unserer Beratung.<\/p>\n\n\n\n<p>Wir wollen ihnen schnell und gut helfen.<br>Sie m\u00fcssen <strong>nicht<\/strong> erst viele Antr\u00e4ge ausf\u00fcllen.<br>Unsere Beratung kostet <strong>kein<\/strong> Geld.<br>Wir k\u00f6nnen f\u00fcr die Beratung auch zu Ihnen kommen.<\/p>\n\n\n\n<p>Sie m\u00fcssen uns f\u00fcr die Beratung <strong>nicht<\/strong> sagen,<br>wer sie sind oder von wo sie sind.<br>Wir sagen <strong>keinem<\/strong>, dass Sie bei uns waren.<br>Wir sagen <strong>keinem<\/strong>, \u00fcber was Sie geredet haben.<\/p>\n<\/div>\n<\/div>\n\n\n\n<div class=\"wp-block-columns alignwide is-layout-flex wp-container-core-columns-is-layout-9d6595d7 wp-block-columns-is-layout-flex\">\n<div class=\"wp-block-column is-layout-flow wp-block-column-is-layout-flow\" style=\"flex-basis:50%\"><div class=\"wp-block-image\">\n<figure class=\"aligncenter is-resized\"><img loading=\"lazy\" decoding=\"async\" src=\"https:\/\/www.mbt-hb.de\/wp-content\/uploads\/2022\/05\/Inklusion2-743-1024x758.png\" alt=\"\" class=\"wp-image-483\" width=\"256\" height=\"190\" srcset=\"https:\/\/www.mbt-hb.de\/wp-content\/uploads\/2022\/05\/Inklusion2-743-1024x758.png 1024w, https:\/\/www.mbt-hb.de\/wp-content\/uploads\/2022\/05\/Inklusion2-743-300x222.png 300w, https:\/\/www.mbt-hb.de\/wp-content\/uploads\/2022\/05\/Inklusion2-743-768x568.png 768w, https:\/\/www.mbt-hb.de\/wp-content\/uploads\/2022\/05\/Inklusion2-743-1536x1137.png 1536w, https:\/\/www.mbt-hb.de\/wp-content\/uploads\/2022\/05\/Inklusion2-743-2048x1516.png 2048w\" sizes=\"auto, (max-width: 256px) 100vw, 256px\" \/><\/figure>\n<\/div><\/div>\n\n\n\n<div class=\"wp-block-column is-vertically-aligned-center is-layout-flow wp-block-column-is-layout-flow\" style=\"flex-basis:50%\">\n<p>Hass und Gewalt gegen andere Menschen ist schlecht.<br><strong>Keiner<\/strong> soll \u00fcber alle Menschen aus einer Gruppe<br>immer schlecht reden.<br>Denn alle Menschen sind verschieden.<br><strong>Nicht<\/strong> alle Menschen aus einer Gruppe sind b\u00f6se,<br>nur weil das jemand sagt.<\/p>\n<\/div>\n<\/div>\n\n\n\n<div class=\"wp-block-columns alignwide is-layout-flex wp-container-core-columns-is-layout-9d6595d7 wp-block-columns-is-layout-flex\">\n<div class=\"wp-block-column is-layout-flow wp-block-column-is-layout-flow\" style=\"flex-basis:50%\"><div class=\"wp-block-image\">\n<figure class=\"aligncenter is-resized\"><img loading=\"lazy\" decoding=\"async\" src=\"https:\/\/www.mbt-hb.de\/wp-content\/uploads\/2022\/05\/halt_stopp-217-1024x922.png\" alt=\"\" class=\"wp-image-486\" width=\"256\" height=\"231\" srcset=\"https:\/\/www.mbt-hb.de\/wp-content\/uploads\/2022\/05\/halt_stopp-217-1024x922.png 1024w, https:\/\/www.mbt-hb.de\/wp-content\/uploads\/2022\/05\/halt_stopp-217-300x270.png 300w, https:\/\/www.mbt-hb.de\/wp-content\/uploads\/2022\/05\/halt_stopp-217-768x691.png 768w, https:\/\/www.mbt-hb.de\/wp-content\/uploads\/2022\/05\/halt_stopp-217-1536x1382.png 1536w, https:\/\/www.mbt-hb.de\/wp-content\/uploads\/2022\/05\/halt_stopp-217-2048x1843.png 2048w\" sizes=\"auto, (max-width: 256px) 100vw, 256px\" \/><\/figure>\n<\/div><\/div>\n\n\n\n<div class=\"wp-block-column is-vertically-aligned-center is-layout-flow wp-block-column-is-layout-flow\" style=\"flex-basis:50%\">\n<p>Jeder soll etwas gegen Hass und Gewalt tun k\u00f6nnen.<br>Wir wollen dabei helfen.<br>Zum Beispiel dass Vereine<br>Hass und Gewalt gut verhindern k\u00f6nnen.<br>Das ist wichtig f\u00fcr unser Leben in Deutschland.<br>Denn jeder Mensch ist gut und wichtig,<br>egal wie verschieden wir sind.<\/p>\n<\/div>\n<\/div>\n\n\n\n<div class=\"wp-block-columns alignwide is-layout-flex wp-container-core-columns-is-layout-9d6595d7 wp-block-columns-is-layout-flex\">\n<div class=\"wp-block-column is-layout-flow wp-block-column-is-layout-flow\" style=\"flex-basis:50%\"><div class=\"wp-block-image\">\n<figure class=\"aligncenter is-resized\"><img loading=\"lazy\" decoding=\"async\" src=\"https:\/\/www.mbt-hb.de\/wp-content\/uploads\/2022\/05\/vortrag_frau-617-734x1024.png\" alt=\"\" class=\"wp-image-489\" width=\"184\" height=\"256\" srcset=\"https:\/\/www.mbt-hb.de\/wp-content\/uploads\/2022\/05\/vortrag_frau-617-734x1024.png 734w, https:\/\/www.mbt-hb.de\/wp-content\/uploads\/2022\/05\/vortrag_frau-617-215x300.png 215w, https:\/\/www.mbt-hb.de\/wp-content\/uploads\/2022\/05\/vortrag_frau-617-768x1071.png 768w, https:\/\/www.mbt-hb.de\/wp-content\/uploads\/2022\/05\/vortrag_frau-617-1101x1536.png 1101w, https:\/\/www.mbt-hb.de\/wp-content\/uploads\/2022\/05\/vortrag_frau-617-1469x2048.png 1469w, https:\/\/www.mbt-hb.de\/wp-content\/uploads\/2022\/05\/vortrag_frau-617.png 1698w\" sizes=\"auto, (max-width: 184px) 100vw, 184px\" \/><\/figure>\n<\/div><\/div>\n\n\n\n<div class=\"wp-block-column is-vertically-aligned-center is-layout-flow wp-block-column-is-layout-flow\" style=\"flex-basis:50%\">\n<p>Hass und Gewalt gegen andere Menschen ist \u00fcberall.<br>Darum muss jeder dar\u00fcber gut Bescheid wissen.<br>Daf\u00fcr haben wir verschiedene Info-Angebote:<\/p>\n\n\n\n<ul class=\"wp-block-list\"><li>Vortr\u00e4ge<\/li><li>Gespr\u00e4che<\/li><li>Kurse<\/li><li>Info-Texte<\/li><\/ul>\n<\/div>\n<\/div>\n\n\n\n<div class=\"wp-block-columns alignwide is-layout-flex wp-container-core-columns-is-layout-9d6595d7 wp-block-columns-is-layout-flex\">\n<div class=\"wp-block-column is-layout-flow wp-block-column-is-layout-flow\" style=\"flex-basis:50%\"><div class=\"wp-block-image\">\n<figure class=\"aligncenter is-resized\"><img loading=\"lazy\" decoding=\"async\" src=\"https:\/\/www.mbt-hb.de\/wp-content\/uploads\/2022\/05\/Idee4-2130-971x1024.png\" alt=\"\" class=\"wp-image-492\" width=\"243\" height=\"256\" srcset=\"https:\/\/www.mbt-hb.de\/wp-content\/uploads\/2022\/05\/Idee4-2130-971x1024.png 971w, https:\/\/www.mbt-hb.de\/wp-content\/uploads\/2022\/05\/Idee4-2130-285x300.png 285w, https:\/\/www.mbt-hb.de\/wp-content\/uploads\/2022\/05\/Idee4-2130-768x810.png 768w, https:\/\/www.mbt-hb.de\/wp-content\/uploads\/2022\/05\/Idee4-2130-1457x1536.png 1457w, https:\/\/www.mbt-hb.de\/wp-content\/uploads\/2022\/05\/Idee4-2130.png 1772w\" sizes=\"auto, (max-width: 243px) 100vw, 243px\" \/><\/figure>\n<\/div><\/div>\n\n\n\n<div class=\"wp-block-column is-vertically-aligned-center is-layout-flow wp-block-column-is-layout-flow\" style=\"flex-basis:50%\">\n<p>Vielleicht bemerken Sie in Ihrer N\u00e4he:<\/p>\n\n\n\n<ul class=\"wp-block-list\"><li>Jemand ist rechtsextrem<\/li><li>Jemand tut Menschen Hass oder Gewalt an.<\/li><li>Jemand ist rassistisch.<\/li><li>Jemand ist gegen j\u00fcdische Menschen.<\/li><\/ul>\n\n\n\n<p>Bemerken Sie das in Ihrer Stadt,<br>in der Schule oder im Verein? <br>Dann melden Sie sich bitte bei uns.<\/p>\n<\/div>\n<\/div>\n\n\n\n<div style=\"height:100px\" aria-hidden=\"true\" class=\"wp-block-spacer\"><\/div>\n\n\n\n<div style=\"height:100px\" aria-hidden=\"true\" class=\"wp-block-spacer\"><\/div>\n\n\n\n<div class=\"wp-block-columns alignwide is-layout-flex wp-container-core-columns-is-layout-9d6595d7 wp-block-columns-is-layout-flex\">\n<div class=\"wp-block-column is-layout-flow wp-block-column-is-layout-flow\" style=\"flex-basis:50%\"><div class=\"wp-block-image\">\n<figure class=\"aligncenter is-resized\"><img loading=\"lazy\" decoding=\"async\" src=\"https:\/\/www.mbt-hb.de\/wp-content\/uploads\/2022\/05\/160518_LS_Siegel_4c.jpg\" alt=\"\" class=\"wp-image-565\" width=\"280\" height=\"280\" srcset=\"https:\/\/www.mbt-hb.de\/wp-content\/uploads\/2022\/05\/160518_LS_Siegel_4c.jpg 599w, https:\/\/www.mbt-hb.de\/wp-content\/uploads\/2022\/05\/160518_LS_Siegel_4c-300x300.jpg 300w, https:\/\/www.mbt-hb.de\/wp-content\/uploads\/2022\/05\/160518_LS_Siegel_4c-150x150.jpg 150w\" sizes=\"auto, (max-width: 280px) 100vw, 280px\" \/><\/figure>\n<\/div><\/div>\n\n\n\n<div class=\"wp-block-column is-vertically-aligned-center is-layout-flow wp-block-column-is-layout-flow\" style=\"flex-basis:50%\">\n<p><strong>Der Text in Leichter Sprache ist von:<\/strong><br>\u00a9 B\u00fcro f\u00fcr Leichte Sprache,<br>Lebenshilfe f\u00fcr Menschen mit geistiger Behinderung Bremen e.V., 2022.<br><strong>Das Siegel ist von:<\/strong><br>Deutsche Gesellschaft f\u00fcr Leichte Sprache eG.<br><strong>Die Bilder sind von:<br><\/strong>\u00a9 Lebenshilfe f\u00fcr Menschen mit geistiger Behinderung Bremen e.V.<br>Illustrator Stefan Albers.<\/p>\n<\/div>\n<\/div>\n\n\n\n<div style=\"height:100px\" aria-hidden=\"true\" class=\"wp-block-spacer\"><\/div>\n","protected":false},"excerpt":{"rendered":"<p>Wir sind das: Mobile Beratungsteam gegen Rechtsextremismusin Bremen und Bremerhaven.Unser kurzer Name ist: mbt.Wir beraten und helfenbei diesen Fragen und Problemen: Rechtsextremismus Das spricht man: rechts-ex-tre-mis-mus.Das ist eine politische Meinung mit rechten Gedanken.Personen mit dieser Meinung denken:Nur die eigene Bev\u00f6lkerung ist gut und wichtig.Alle anderen Menschen sind schlecht und unwichtig.Rechtsextreme tun anderen Menschenoft Hass und [&hellip;]<\/p>\n","protected":false},"author":3,"featured_media":415,"parent":0,"menu_order":5,"comment_status":"closed","ping_status":"closed","template":"","meta":{"footnotes":""},"class_list":["post-414","page","type-page","status-publish","has-post-thumbnail","hentry"],"_links":{"self":[{"href":"https:\/\/www.mbt-hb.de\/ls\/wp-json\/wp\/v2\/pages\/414","targetHints":{"allow":["GET"]}}],"collection":[{"href":"https:\/\/www.mbt-hb.de\/ls\/wp-json\/wp\/v2\/pages"}],"about":[{"href":"https:\/\/www.mbt-hb.de\/ls\/wp-json\/wp\/v2\/types\/page"}],"author":[{"embeddable":true,"href":"https:\/\/www.mbt-hb.de\/ls\/wp-json\/wp\/v2\/users\/3"}],"replies":[{"embeddable":true,"href":"https:\/\/www.mbt-hb.de\/ls\/wp-json\/wp\/v2\/comments?post=414"}],"version-history":[{"count":5,"href":"https:\/\/www.mbt-hb.de\/ls\/wp-json\/wp\/v2\/pages\/414\/revisions"}],"predecessor-version":[{"id":707,"href":"https:\/\/www.mbt-hb.de\/ls\/wp-json\/wp\/v2\/pages\/414\/revisions\/707"}],"wp:featuredmedia":[{"embeddable":true,"href":"https:\/\/www.mbt-hb.de\/ls\/wp-json\/wp\/v2\/media\/415"}],"wp:attachment":[{"href":"https:\/\/www.mbt-hb.de\/ls\/wp-json\/wp\/v2\/media?parent=414"}],"curies":[{"name":"wp","href":"https:\/\/api.w.org\/{rel}","templated":true}]}}