{"id":418,"date":"2020-05-31T14:49:51","date_gmt":"2020-05-31T12:49:51","guid":{"rendered":"https:\/\/www.mbt-hb.de\/beratung\/"},"modified":"2022-08-03T10:52:57","modified_gmt":"2022-08-03T08:52:57","slug":"beratung","status":"publish","type":"page","link":"https:\/\/www.mbt-hb.de\/ls\/beratung\/","title":{"rendered":"Beratung"},"content":{"rendered":"\n<div class=\"wp-block-columns alignwide is-layout-flex wp-container-core-columns-is-layout-9d6595d7 wp-block-columns-is-layout-flex\">\n<div class=\"wp-block-column is-layout-flow wp-block-column-is-layout-flow\" style=\"flex-basis:50%\"><div class=\"wp-block-image\">\n<figure class=\"aligncenter is-resized\"><img loading=\"lazy\" decoding=\"async\" src=\"https:\/\/www.mbt-hb.de\/wp-content\/uploads\/2022\/05\/ratlos-Kopf-schutteln-2031-1024x921.png\" alt=\"\" class=\"wp-image-496\" width=\"256\" height=\"230\" srcset=\"https:\/\/www.mbt-hb.de\/wp-content\/uploads\/2022\/05\/ratlos-Kopf-schutteln-2031-1024x921.png 1024w, https:\/\/www.mbt-hb.de\/wp-content\/uploads\/2022\/05\/ratlos-Kopf-schutteln-2031-300x270.png 300w, https:\/\/www.mbt-hb.de\/wp-content\/uploads\/2022\/05\/ratlos-Kopf-schutteln-2031-768x691.png 768w, https:\/\/www.mbt-hb.de\/wp-content\/uploads\/2022\/05\/ratlos-Kopf-schutteln-2031-1536x1382.png 1536w, https:\/\/www.mbt-hb.de\/wp-content\/uploads\/2022\/05\/ratlos-Kopf-schutteln-2031.png 1949w\" sizes=\"auto, (max-width: 256px) 100vw, 256px\" \/><\/figure>\n<\/div><\/div>\n\n\n\n<div class=\"wp-block-column is-vertically-aligned-center is-layout-flow wp-block-column-is-layout-flow\" style=\"flex-basis:50%\">\n<p>Hass und Gewalt gegen Menschen-Gruppen&nbsp;kann \u00fcberall sein.<br>Aber man kann damit vielleicht <strong>nicht<\/strong> sofort umgehen:<\/p>\n\n\n\n<ul class=\"wp-block-list\"><li>Was kann ich gegen rechte Meinungen sagen?<\/li><li>Jemand wird f\u00fcr seine Herkunft beleidigt.<br>Was soll ich dann tun?<\/li><li>Was k\u00f6nnen Schulen und Vereine tun,<br>damit es bei ihnen <strong>keine<\/strong> rechten Gedanken gibt?<\/li><\/ul>\n\n\n\n<p>Darum beraten wir Sie bei Fragen<br>zu Hass und Gewalt gegen Menschen-Gruppen.<\/p>\n<\/div>\n<\/div>\n\n\n\n<div style=\"height:100px\" aria-hidden=\"true\" class=\"wp-block-spacer\"><\/div>\n\n\n\n<h2 class=\"wp-block-heading\">Wen beraten wir?<\/h2>\n\n\n\n<div class=\"wp-block-columns alignwide is-layout-flex wp-container-core-columns-is-layout-9d6595d7 wp-block-columns-is-layout-flex\">\n<div class=\"wp-block-column is-layout-flow wp-block-column-is-layout-flow\" style=\"flex-basis:50%\"><div class=\"wp-block-image\">\n<figure class=\"aligncenter is-resized\"><img loading=\"lazy\" decoding=\"async\" src=\"https:\/\/www.mbt-hb.de\/wp-content\/uploads\/2022\/05\/beratung1-069-1024x719.png\" alt=\"\" class=\"wp-image-500\" width=\"256\" height=\"180\" srcset=\"https:\/\/www.mbt-hb.de\/wp-content\/uploads\/2022\/05\/beratung1-069-1024x719.png 1024w, https:\/\/www.mbt-hb.de\/wp-content\/uploads\/2022\/05\/beratung1-069-300x211.png 300w, https:\/\/www.mbt-hb.de\/wp-content\/uploads\/2022\/05\/beratung1-069-768x539.png 768w, https:\/\/www.mbt-hb.de\/wp-content\/uploads\/2022\/05\/beratung1-069-1536x1078.png 1536w, https:\/\/www.mbt-hb.de\/wp-content\/uploads\/2022\/05\/beratung1-069-2048x1437.png 2048w\" sizes=\"auto, (max-width: 256px) 100vw, 256px\" \/><\/figure>\n<\/div><\/div>\n\n\n\n<div class=\"wp-block-column is-vertically-aligned-center is-layout-flow wp-block-column-is-layout-flow\" style=\"flex-basis:50%\">\n<p>Wir denken:<br><strong>Alle Menschen sind gleich wichtig<\/strong>.<br>Wir beraten jeden, der auch so denkt.<\/p>\n<\/div>\n<\/div>\n\n\n\n<div class=\"wp-block-columns alignwide is-layout-flex wp-container-core-columns-is-layout-9d6595d7 wp-block-columns-is-layout-flex\">\n<div class=\"wp-block-column is-layout-flow wp-block-column-is-layout-flow\" style=\"flex-basis:50%\"><div class=\"wp-block-image\">\n<figure class=\"aligncenter is-resized\"><img loading=\"lazy\" decoding=\"async\" src=\"https:\/\/www.mbt-hb.de\/wp-content\/uploads\/2022\/05\/Arbeitsgruppe-2-671-1024x734.png\" alt=\"\" class=\"wp-image-503\" width=\"256\" height=\"184\" srcset=\"https:\/\/www.mbt-hb.de\/wp-content\/uploads\/2022\/05\/Arbeitsgruppe-2-671-1024x734.png 1024w, https:\/\/www.mbt-hb.de\/wp-content\/uploads\/2022\/05\/Arbeitsgruppe-2-671-300x215.png 300w, https:\/\/www.mbt-hb.de\/wp-content\/uploads\/2022\/05\/Arbeitsgruppe-2-671-768x551.png 768w, https:\/\/www.mbt-hb.de\/wp-content\/uploads\/2022\/05\/Arbeitsgruppe-2-671-1536x1101.png 1536w, https:\/\/www.mbt-hb.de\/wp-content\/uploads\/2022\/05\/Arbeitsgruppe-2-671-2048x1468.png 2048w\" sizes=\"auto, (max-width: 256px) 100vw, 256px\" \/><\/figure>\n<\/div><\/div>\n\n\n\n<div class=\"wp-block-column is-vertically-aligned-center is-layout-flow wp-block-column-is-layout-flow\" style=\"flex-basis:50%\">\n<p>Wir beraten zum Beispiel:<\/p>\n\n\n\n<ul class=\"wp-block-list\"><li>Einzelne Menschen<\/li><li>Menschen oder Gruppen oder Vereine,<br>die viel mit anderen Menschen zu tun haben.<\/li><li>Vereine und Verb\u00e4nde<\/li><li>Schulen und Kitas<\/li><li>Kirchen und andere Glaubens-Gemeinschaften<\/li><\/ul>\n<\/div>\n<\/div>\n\n\n\n<div class=\"wp-block-columns alignwide is-layout-flex wp-container-core-columns-is-layout-9d6595d7 wp-block-columns-is-layout-flex\">\n<div class=\"wp-block-column is-layout-flow wp-block-column-is-layout-flow\" style=\"flex-basis:50%\"><div class=\"wp-block-image\">\n<figure class=\"aligncenter is-resized\"><img loading=\"lazy\" decoding=\"async\" src=\"https:\/\/www.mbt-hb.de\/wp-content\/uploads\/2022\/05\/mitwirkung-309-1024x880.png\" alt=\"\" class=\"wp-image-506\" width=\"256\" height=\"220\" srcset=\"https:\/\/www.mbt-hb.de\/wp-content\/uploads\/2022\/05\/mitwirkung-309-1024x880.png 1024w, https:\/\/www.mbt-hb.de\/wp-content\/uploads\/2022\/05\/mitwirkung-309-300x258.png 300w, https:\/\/www.mbt-hb.de\/wp-content\/uploads\/2022\/05\/mitwirkung-309-768x660.png 768w, https:\/\/www.mbt-hb.de\/wp-content\/uploads\/2022\/05\/mitwirkung-309-1536x1320.png 1536w, https:\/\/www.mbt-hb.de\/wp-content\/uploads\/2022\/05\/mitwirkung-309-2048x1760.png 2048w\" sizes=\"auto, (max-width: 256px) 100vw, 256px\" \/><\/figure>\n<\/div><\/div>\n\n\n\n<div class=\"wp-block-column is-vertically-aligned-center is-layout-flow wp-block-column-is-layout-flow\" style=\"flex-basis:50%\">\n<ul class=\"wp-block-list\"><li>Einrichtungen, die f\u00fcr andere Menschen<br>oder f\u00fcr Kultur da sind.<\/li><li>Politiker in den St\u00e4dten und Bundesl\u00e4ndern<\/li><li>\u00c4mter in den St\u00e4dten und Bundesl\u00e4ndern<\/li><li>Firmen<\/li><li>Vertretungen von Mitarbeitern und Firmen<\/li><li>Andere Einrichtungen<\/li><\/ul>\n<\/div>\n<\/div>\n\n\n\n<div style=\"height:100px\" aria-hidden=\"true\" class=\"wp-block-spacer\"><\/div>\n\n\n\n<h2 class=\"wp-block-heading\">Wie beraten wir?<\/h2>\n\n\n\n<div class=\"wp-block-columns alignwide is-layout-flex wp-container-core-columns-is-layout-9d6595d7 wp-block-columns-is-layout-flex\">\n<div class=\"wp-block-column is-layout-flow wp-block-column-is-layout-flow\" style=\"flex-basis:50%\"><div class=\"wp-block-image\">\n<figure class=\"aligncenter is-resized\"><img loading=\"lazy\" decoding=\"async\" src=\"https:\/\/www.mbt-hb.de\/wp-content\/uploads\/2022\/05\/Verstehen2-852-1024x812.png\" alt=\"\" class=\"wp-image-509\" width=\"256\" height=\"203\" srcset=\"https:\/\/www.mbt-hb.de\/wp-content\/uploads\/2022\/05\/Verstehen2-852-1024x812.png 1024w, https:\/\/www.mbt-hb.de\/wp-content\/uploads\/2022\/05\/Verstehen2-852-300x238.png 300w, https:\/\/www.mbt-hb.de\/wp-content\/uploads\/2022\/05\/Verstehen2-852-768x609.png 768w, https:\/\/www.mbt-hb.de\/wp-content\/uploads\/2022\/05\/Verstehen2-852-1536x1217.png 1536w, https:\/\/www.mbt-hb.de\/wp-content\/uploads\/2022\/05\/Verstehen2-852-2048x1623.png 2048w\" sizes=\"auto, (max-width: 256px) 100vw, 256px\" \/><\/figure>\n<\/div><\/div>\n\n\n\n<div class=\"wp-block-column is-vertically-aligned-center is-layout-flow wp-block-column-is-layout-flow\" style=\"flex-basis:50%\">\n<p>Wir kennen uns gut aus<br>mit Hass und Gewalt gegen andere Menschen.<br>Darum k\u00f6nnen wir auch Ihnen gut helfen.<br>Dann verstehen Sie besser,<\/p>\n\n\n\n<ul class=\"wp-block-list\"><li>welche Probleme es bei Ihnen vielleicht gibt.<\/li><li>was Sie gegen die Probleme tun k\u00f6nnen.<\/li><\/ul>\n\n\n\n<p>Wir kennen noch mehr Fachleute in Ihrer N\u00e4he.<br>Die k\u00f6nnen Ihnen dann auch weiterhelfen.<\/p>\n<\/div>\n<\/div>\n\n\n\n<div class=\"wp-block-columns alignwide is-layout-flex wp-container-core-columns-is-layout-9d6595d7 wp-block-columns-is-layout-flex\">\n<div class=\"wp-block-column is-layout-flow wp-block-column-is-layout-flow\" style=\"flex-basis:50%\"><div class=\"wp-block-image\">\n<figure class=\"aligncenter is-resized\"><img loading=\"lazy\" decoding=\"async\" src=\"https:\/\/www.mbt-hb.de\/wp-content\/uploads\/2022\/05\/Beratung-Gefluchtete-1-1024x1002.png\" alt=\"\" class=\"wp-image-512\" width=\"256\" height=\"251\" srcset=\"https:\/\/www.mbt-hb.de\/wp-content\/uploads\/2022\/05\/Beratung-Gefluchtete-1-1024x1002.png 1024w, https:\/\/www.mbt-hb.de\/wp-content\/uploads\/2022\/05\/Beratung-Gefluchtete-1-300x293.png 300w, https:\/\/www.mbt-hb.de\/wp-content\/uploads\/2022\/05\/Beratung-Gefluchtete-1-768x751.png 768w, https:\/\/www.mbt-hb.de\/wp-content\/uploads\/2022\/05\/Beratung-Gefluchtete-1-1536x1502.png 1536w, https:\/\/www.mbt-hb.de\/wp-content\/uploads\/2022\/05\/Beratung-Gefluchtete-1.png 2008w\" sizes=\"auto, (max-width: 256px) 100vw, 256px\" \/><\/figure>\n<\/div><\/div>\n\n\n\n<div class=\"wp-block-column is-vertically-aligned-center is-layout-flow wp-block-column-is-layout-flow\" style=\"flex-basis:50%\">\n<p>Wir wollen ihnen schnell und gut helfen.<br>Sie m\u00fcssen <strong>nicht<\/strong> erst viele Antr\u00e4ge ausf\u00fcllen.&nbsp;<br>Unsere Beratung kostet <strong>kein<\/strong> Geld.&nbsp;<br>Wir k\u00f6nnen f\u00fcr die Beratung auch zu Ihnen kommen.<\/p>\n\n\n\n<p>Sie m\u00fcssen uns f\u00fcr die Beratung <strong>nicht<\/strong> sagen,<br>wer sie sind oder von wo sie sind.<br>Wir sagen <strong>keinem<\/strong>, dass Sie bei uns waren.<br>Wir sagen <strong>keinem<\/strong>, \u00fcber was Sie geredet haben.<\/p>\n<\/div>\n<\/div>\n\n\n\n<div class=\"wp-block-columns alignwide is-layout-flex wp-container-core-columns-is-layout-9d6595d7 wp-block-columns-is-layout-flex\">\n<div class=\"wp-block-column is-layout-flow wp-block-column-is-layout-flow\" style=\"flex-basis:50%\"><div class=\"wp-block-image\">\n<figure class=\"aligncenter is-resized\"><img loading=\"lazy\" decoding=\"async\" src=\"https:\/\/www.mbt-hb.de\/wp-content\/uploads\/2022\/05\/Starke-Frau-882x1024.png\" alt=\"\" class=\"wp-image-515\" width=\"221\" height=\"256\" srcset=\"https:\/\/www.mbt-hb.de\/wp-content\/uploads\/2022\/05\/Starke-Frau-882x1024.png 882w, https:\/\/www.mbt-hb.de\/wp-content\/uploads\/2022\/05\/Starke-Frau-259x300.png 259w, https:\/\/www.mbt-hb.de\/wp-content\/uploads\/2022\/05\/Starke-Frau-768x891.png 768w, https:\/\/www.mbt-hb.de\/wp-content\/uploads\/2022\/05\/Starke-Frau-1324x1536.png 1324w, https:\/\/www.mbt-hb.de\/wp-content\/uploads\/2022\/05\/Starke-Frau.png 1713w\" sizes=\"auto, (max-width: 221px) 100vw, 221px\" \/><\/figure>\n<\/div><\/div>\n\n\n\n<div class=\"wp-block-column is-vertically-aligned-center is-layout-flow wp-block-column-is-layout-flow\" style=\"flex-basis:50%\">\n<p>Unsere Berater kennen sich sehr gut aus.<br>Wir machen die Beratung so,<br>dass die Beratung Ihnen noch lange hilft.<br>Sie sollen mit der Beratung herausfinden,<br>wie Sie Probleme in Zukunft selbst l\u00f6sen k\u00f6nnen.<br>Darum k\u00fcmmern wir uns in der Beratung.<\/p>\n<\/div>\n<\/div>\n\n\n\n<div class=\"wp-block-columns alignwide is-layout-flex wp-container-core-columns-is-layout-9d6595d7 wp-block-columns-is-layout-flex\">\n<div class=\"wp-block-column is-layout-flow wp-block-column-is-layout-flow\" style=\"flex-basis:50%\"><div class=\"wp-block-image\">\n<figure class=\"aligncenter is-resized\"><img loading=\"lazy\" decoding=\"async\" src=\"https:\/\/www.mbt-hb.de\/wp-content\/uploads\/2022\/05\/halt_stopp-217-1-1024x922.png\" alt=\"\" class=\"wp-image-521\" width=\"256\" height=\"231\" srcset=\"https:\/\/www.mbt-hb.de\/wp-content\/uploads\/2022\/05\/halt_stopp-217-1-1024x922.png 1024w, https:\/\/www.mbt-hb.de\/wp-content\/uploads\/2022\/05\/halt_stopp-217-1-300x270.png 300w, https:\/\/www.mbt-hb.de\/wp-content\/uploads\/2022\/05\/halt_stopp-217-1-768x691.png 768w, https:\/\/www.mbt-hb.de\/wp-content\/uploads\/2022\/05\/halt_stopp-217-1-1536x1382.png 1536w, https:\/\/www.mbt-hb.de\/wp-content\/uploads\/2022\/05\/halt_stopp-217-1-2048x1843.png 2048w\" sizes=\"auto, (max-width: 256px) 100vw, 256px\" \/><\/figure>\n<\/div><\/div>\n\n\n\n<div class=\"wp-block-column is-vertically-aligned-center is-layout-flow wp-block-column-is-layout-flow\" style=\"flex-basis:50%\">\n<p>Wir wollen Hass und Gewalt<br>gegen andere Menschen verhindern.<br>Alle Menschen und Gruppen und Vereine<br>k\u00f6nnen daf\u00fcr etwas tun.<br>Wir wollen ihnen dabei helfen.<br>Das ist unser Ziel.<\/p>\n<\/div>\n<\/div>\n\n\n\n<div style=\"height:100px\" aria-hidden=\"true\" class=\"wp-block-spacer\"><\/div>\n\n\n\n<h2 class=\"wp-block-heading\">Wo beraten wir?<\/h2>\n\n\n\n<div class=\"wp-block-columns alignwide is-layout-flex wp-container-core-columns-is-layout-9d6595d7 wp-block-columns-is-layout-flex\">\n<div class=\"wp-block-column is-layout-flow wp-block-column-is-layout-flow\" style=\"flex-basis:50%\"><div class=\"wp-block-image\">\n<figure class=\"aligncenter is-resized\"><img loading=\"lazy\" decoding=\"async\" src=\"https:\/\/www.mbt-hb.de\/wp-content\/uploads\/2022\/05\/Geschaft2-1926-Beratungsstelle-1024x771.png\" alt=\"\" class=\"wp-image-524\" width=\"256\" height=\"193\" srcset=\"https:\/\/www.mbt-hb.de\/wp-content\/uploads\/2022\/05\/Geschaft2-1926-Beratungsstelle-1024x771.png 1024w, https:\/\/www.mbt-hb.de\/wp-content\/uploads\/2022\/05\/Geschaft2-1926-Beratungsstelle-300x226.png 300w, https:\/\/www.mbt-hb.de\/wp-content\/uploads\/2022\/05\/Geschaft2-1926-Beratungsstelle-768x578.png 768w, https:\/\/www.mbt-hb.de\/wp-content\/uploads\/2022\/05\/Geschaft2-1926-Beratungsstelle-1536x1157.png 1536w, https:\/\/www.mbt-hb.de\/wp-content\/uploads\/2022\/05\/Geschaft2-1926-Beratungsstelle-2048x1542.png 2048w\" sizes=\"auto, (max-width: 256px) 100vw, 256px\" \/><\/figure>\n<\/div><\/div>\n\n\n\n<div class=\"wp-block-column is-vertically-aligned-center is-layout-flow wp-block-column-is-layout-flow\" style=\"flex-basis:50%\">\n<p>Wir haben eine Beratungsstelle.<br>Sie k\u00f6nnen f\u00fcr die Beratung in die Beratungsstelle kommen.<br>Aber wir k\u00f6nnen auch zu Ihnen kommen.<\/p>\n<\/div>\n<\/div>\n\n\n\n<div class=\"wp-block-columns is-layout-flex wp-container-core-columns-is-layout-9d6595d7 wp-block-columns-is-layout-flex\">\n<div class=\"wp-block-column is-layout-flow wp-block-column-is-layout-flow\" style=\"flex-basis:100%\">\n<div class=\"wp-block-columns alignwide is-layout-flex wp-container-core-columns-is-layout-9d6595d7 wp-block-columns-is-layout-flex\">\n<div class=\"wp-block-column is-layout-flow wp-block-column-is-layout-flow\" style=\"flex-basis:50%\"><div class=\"wp-block-image\">\n<figure class=\"aligncenter is-resized\"><img loading=\"lazy\" decoding=\"async\" src=\"https:\/\/www.mbt-hb.de\/wp-content\/uploads\/2022\/05\/telefon-437-1024x667.png\" alt=\"\" class=\"wp-image-527\" width=\"256\" height=\"167\" srcset=\"https:\/\/www.mbt-hb.de\/wp-content\/uploads\/2022\/05\/telefon-437-1024x667.png 1024w, https:\/\/www.mbt-hb.de\/wp-content\/uploads\/2022\/05\/telefon-437-300x195.png 300w, https:\/\/www.mbt-hb.de\/wp-content\/uploads\/2022\/05\/telefon-437-768x500.png 768w, https:\/\/www.mbt-hb.de\/wp-content\/uploads\/2022\/05\/telefon-437-1536x1001.png 1536w, https:\/\/www.mbt-hb.de\/wp-content\/uploads\/2022\/05\/telefon-437.png 1989w\" sizes=\"auto, (max-width: 256px) 100vw, 256px\" \/><\/figure>\n<\/div><\/div>\n\n\n\n<div class=\"wp-block-column is-vertically-aligned-center is-layout-flow wp-block-column-is-layout-flow\" style=\"flex-basis:50%\">\n<p><strong>Achtung:<\/strong><br>Wegen Corona ist unsere Beratung im Moment so:<br>Wir beraten Sie <strong>auch<\/strong> am Telefon oder<br>im Video-Gespr\u00e4ch.<\/p>\n\n\n\n<p>? <a href=\"tel:+4942169272212\">0421 692 722 12<\/a><\/p>\n<\/div>\n<\/div>\n<\/div>\n<\/div>\n\n\n\n<div style=\"height:100px\" aria-hidden=\"true\" class=\"wp-block-spacer\"><\/div>\n\n\n\n<h2 class=\"wp-block-heading\">Was machen wir noch?<\/h2>\n\n\n\n<div class=\"wp-block-columns alignwide is-layout-flex wp-container-core-columns-is-layout-9d6595d7 wp-block-columns-is-layout-flex\">\n<div class=\"wp-block-column is-layout-flow wp-block-column-is-layout-flow\" style=\"flex-basis:50%\"><div class=\"wp-block-image\">\n<figure class=\"aligncenter is-resized\"><img loading=\"lazy\" decoding=\"async\" src=\"https:\/\/www.mbt-hb.de\/wp-content\/uploads\/2022\/05\/Netzwerk-2-1008x1024.png\" alt=\"\" class=\"wp-image-530\" width=\"252\" height=\"256\" srcset=\"https:\/\/www.mbt-hb.de\/wp-content\/uploads\/2022\/05\/Netzwerk-2-1008x1024.png 1008w, https:\/\/www.mbt-hb.de\/wp-content\/uploads\/2022\/05\/Netzwerk-2-295x300.png 295w, https:\/\/www.mbt-hb.de\/wp-content\/uploads\/2022\/05\/Netzwerk-2-768x780.png 768w, https:\/\/www.mbt-hb.de\/wp-content\/uploads\/2022\/05\/Netzwerk-2-1513x1536.png 1513w, https:\/\/www.mbt-hb.de\/wp-content\/uploads\/2022\/05\/Netzwerk-2.png 1875w\" sizes=\"auto, (max-width: 252px) 100vw, 252px\" \/><\/figure>\n<\/div><\/div>\n\n\n\n<div class=\"wp-block-column is-vertically-aligned-center is-layout-flow wp-block-column-is-layout-flow\" style=\"flex-basis:50%\">\n<p>Es gibt viele Fachleute in Bremen und Bremerhaven,<br>die sich mit Rechtsextremismus auskennen.<br>Wir helfen dabei,<br>dass alle gut zusammenarbeiten k\u00f6nnen.<\/p>\n\n\n\n<p>Wir sammeln alle Infos dar\u00fcber,<br>wo es Hass und Gewalt gegen andere Menschen gibt.<\/p>\n\n\n\n<p>Wir planen Treffen zu diesen Themen.<\/p>\n<\/div>\n<\/div>\n\n\n\n<div class=\"wp-block-columns alignwide is-layout-flex wp-container-core-columns-is-layout-9d6595d7 wp-block-columns-is-layout-flex\">\n<div class=\"wp-block-column is-layout-flow wp-block-column-is-layout-flow\" style=\"flex-basis:50%\"><div class=\"wp-block-image\">\n<figure class=\"aligncenter is-resized\"><img loading=\"lazy\" decoding=\"async\" src=\"https:\/\/www.mbt-hb.de\/wp-content\/uploads\/2022\/05\/Buch-Heft-690-1024x612.png\" alt=\"\" class=\"wp-image-533\" width=\"256\" height=\"153\" srcset=\"https:\/\/www.mbt-hb.de\/wp-content\/uploads\/2022\/05\/Buch-Heft-690-1024x612.png 1024w, https:\/\/www.mbt-hb.de\/wp-content\/uploads\/2022\/05\/Buch-Heft-690-300x179.png 300w, https:\/\/www.mbt-hb.de\/wp-content\/uploads\/2022\/05\/Buch-Heft-690-768x459.png 768w, https:\/\/www.mbt-hb.de\/wp-content\/uploads\/2022\/05\/Buch-Heft-690-1536x918.png 1536w, https:\/\/www.mbt-hb.de\/wp-content\/uploads\/2022\/05\/Buch-Heft-690-2048x1224.png 2048w\" sizes=\"auto, (max-width: 256px) 100vw, 256px\" \/><\/figure>\n<\/div><\/div>\n\n\n\n<div class=\"wp-block-column is-vertically-aligned-center is-layout-flow wp-block-column-is-layout-flow\" style=\"flex-basis:50%\">\n<p>Wir machen Info-Texte<\/p>\n\n\n\n<ul class=\"wp-block-list\"><li>\u00fcber Rechtsextremismus.<\/li><li>\u00fcber Antisemitismus<\/li><li>\u00fcber Hass und Gewalt an verschiedenen Gruppen.<\/li><\/ul>\n<\/div>\n<\/div>\n\n\n\n<div style=\"height:100px\" aria-hidden=\"true\" class=\"wp-block-spacer\"><\/div>\n\n\n\n<h2 class=\"wp-block-heading\">Wie arbeiten wir?<\/h2>\n\n\n\n<div class=\"wp-block-columns alignwide is-layout-flex wp-container-core-columns-is-layout-9d6595d7 wp-block-columns-is-layout-flex\">\n<div class=\"wp-block-column is-layout-flow wp-block-column-is-layout-flow\" style=\"flex-basis:50%\"><div class=\"wp-block-image\">\n<figure class=\"aligncenter is-resized\"><img loading=\"lazy\" decoding=\"async\" src=\"https:\/\/www.mbt-hb.de\/wp-content\/uploads\/2022\/05\/kontrolle-270-1024x972.png\" alt=\"\" class=\"wp-image-536\" width=\"256\" height=\"243\" srcset=\"https:\/\/www.mbt-hb.de\/wp-content\/uploads\/2022\/05\/kontrolle-270-1024x972.png 1024w, https:\/\/www.mbt-hb.de\/wp-content\/uploads\/2022\/05\/kontrolle-270-300x285.png 300w, https:\/\/www.mbt-hb.de\/wp-content\/uploads\/2022\/05\/kontrolle-270-768x729.png 768w, https:\/\/www.mbt-hb.de\/wp-content\/uploads\/2022\/05\/kontrolle-270-1536x1459.png 1536w, https:\/\/www.mbt-hb.de\/wp-content\/uploads\/2022\/05\/kontrolle-270.png 2046w\" sizes=\"auto, (max-width: 256px) 100vw, 256px\" \/><\/figure>\n<\/div><\/div>\n\n\n\n<div class=\"wp-block-column is-vertically-aligned-center is-layout-flow wp-block-column-is-layout-flow\" style=\"flex-basis:50%\">\n<p>Wir pr\u00fcfen immer wieder selbst,<br>wie wir besser werden k\u00f6nnen.<br>Unsere Arbeit soll immer so sein,<br>dass sie zu den Menschen passt.<\/p>\n<\/div>\n<\/div>\n\n\n\n<div class=\"wp-block-columns alignwide is-layout-flex wp-container-core-columns-is-layout-9d6595d7 wp-block-columns-is-layout-flex\">\n<div class=\"wp-block-column is-layout-flow wp-block-column-is-layout-flow\" style=\"flex-basis:50%\"><div class=\"wp-block-image\">\n<figure class=\"aligncenter is-resized\"><img loading=\"lazy\" decoding=\"async\" src=\"https:\/\/www.mbt-hb.de\/wp-content\/uploads\/2022\/05\/deutschland-112-827x1024.png\" alt=\"\" class=\"wp-image-539\" width=\"207\" height=\"256\" srcset=\"https:\/\/www.mbt-hb.de\/wp-content\/uploads\/2022\/05\/deutschland-112-827x1024.png 827w, https:\/\/www.mbt-hb.de\/wp-content\/uploads\/2022\/05\/deutschland-112-242x300.png 242w, https:\/\/www.mbt-hb.de\/wp-content\/uploads\/2022\/05\/deutschland-112-768x950.png 768w, https:\/\/www.mbt-hb.de\/wp-content\/uploads\/2022\/05\/deutschland-112-1241x1536.png 1241w, https:\/\/www.mbt-hb.de\/wp-content\/uploads\/2022\/05\/deutschland-112-1655x2048.png 1655w, https:\/\/www.mbt-hb.de\/wp-content\/uploads\/2022\/05\/deutschland-112.png 1861w\" sizes=\"auto, (max-width: 207px) 100vw, 207px\" \/><\/figure>\n<\/div><\/div>\n\n\n\n<div class=\"wp-block-column is-vertically-aligned-center is-layout-flow wp-block-column-is-layout-flow\" style=\"flex-basis:50%\">\n<p>Unser Mobiles Beratungsteam ist eines<br>von vielen Beratungsteams in Deutschland.<br>Die Beratungsteams aus allen Bundesl\u00e4ndern<br>geh\u00f6ren zusammen und arbeiten zusammen.<br>Sie sind zusammen ein&nbsp;<strong>Bundesverband<\/strong>.<br>Mehr Infos zum Bundesverband finden Sie hier:<br><a href=\"http:\/\/www.bundesverband-mobile-beratung.de\">www.bundesverband-mobile-beratung.de<\/a>&nbsp;<br>Die Infos sind <strong>nicht<\/strong> in Leichter Sprache.<\/p>\n\n\n\n<p>Wir reden mit den anderen Beratungsteams<br>\u00fcber die Arbeit.<br>So werden wir immer besser.<\/p>\n<\/div>\n<\/div>\n\n\n\n<div style=\"height:100px\" aria-hidden=\"true\" class=\"wp-block-spacer\"><\/div>\n\n\n\n<div style=\"height:100px\" aria-hidden=\"true\" class=\"wp-block-spacer\"><\/div>\n\n\n\n<div class=\"wp-block-columns alignwide is-layout-flex wp-container-core-columns-is-layout-9d6595d7 wp-block-columns-is-layout-flex\">\n<div class=\"wp-block-column is-layout-flow wp-block-column-is-layout-flow\" style=\"flex-basis:50%\"><div class=\"wp-block-image\">\n<figure class=\"aligncenter is-resized\"><img loading=\"lazy\" decoding=\"async\" src=\"https:\/\/www.mbt-hb.de\/wp-content\/uploads\/2022\/05\/160518_LS_Siegel_4c.jpg\" alt=\"\" class=\"wp-image-565\" width=\"280\" height=\"280\" srcset=\"https:\/\/www.mbt-hb.de\/wp-content\/uploads\/2022\/05\/160518_LS_Siegel_4c.jpg 599w, https:\/\/www.mbt-hb.de\/wp-content\/uploads\/2022\/05\/160518_LS_Siegel_4c-300x300.jpg 300w, https:\/\/www.mbt-hb.de\/wp-content\/uploads\/2022\/05\/160518_LS_Siegel_4c-150x150.jpg 150w\" sizes=\"auto, (max-width: 280px) 100vw, 280px\" \/><\/figure>\n<\/div><\/div>\n\n\n\n<div class=\"wp-block-column is-vertically-aligned-center is-layout-flow wp-block-column-is-layout-flow\" style=\"flex-basis:50%\">\n<p><strong>Der Text in Leichter Sprache ist von:<\/strong><br>\u00a9 B\u00fcro f\u00fcr Leichte Sprache,<br>Lebenshilfe f\u00fcr Menschen mit geistiger Behinderung Bremen e.V., 2022.<br><strong>Das Siegel ist von:<\/strong><br>Deutsche Gesellschaft f\u00fcr Leichte Sprache eG.<br><strong>Die Bilder sind von:<br><\/strong>\u00a9 Lebenshilfe f\u00fcr Menschen mit geistiger Behinderung Bremen e.V.<br>Illustrator Stefan Albers.<\/p>\n<\/div>\n<\/div>\n\n\n\n<div style=\"height:100px\" aria-hidden=\"true\" class=\"wp-block-spacer\"><\/div>\n","protected":false},"excerpt":{"rendered":"<p>Hass und Gewalt gegen Menschen-Gruppen&nbsp;kann \u00fcberall sein.Aber man kann damit vielleicht nicht sofort umgehen: Was kann ich gegen rechte Meinungen sagen? Jemand wird f\u00fcr seine Herkunft beleidigt.Was soll ich dann tun? Was k\u00f6nnen Schulen und Vereine tun,damit es bei ihnen keine rechten Gedanken gibt? Darum beraten wir Sie bei Fragenzu Hass und Gewalt gegen Menschen-Gruppen. [&hellip;]<\/p>\n","protected":false},"author":3,"featured_media":0,"parent":0,"menu_order":10,"comment_status":"closed","ping_status":"closed","template":"","meta":{"footnotes":""},"class_list":["post-418","page","type-page","status-publish","hentry"],"_links":{"self":[{"href":"https:\/\/www.mbt-hb.de\/ls\/wp-json\/wp\/v2\/pages\/418","targetHints":{"allow":["GET"]}}],"collection":[{"href":"https:\/\/www.mbt-hb.de\/ls\/wp-json\/wp\/v2\/pages"}],"about":[{"href":"https:\/\/www.mbt-hb.de\/ls\/wp-json\/wp\/v2\/types\/page"}],"author":[{"embeddable":true,"href":"https:\/\/www.mbt-hb.de\/ls\/wp-json\/wp\/v2\/users\/3"}],"replies":[{"embeddable":true,"href":"https:\/\/www.mbt-hb.de\/ls\/wp-json\/wp\/v2\/comments?post=418"}],"version-history":[{"count":5,"href":"https:\/\/www.mbt-hb.de\/ls\/wp-json\/wp\/v2\/pages\/418\/revisions"}],"predecessor-version":[{"id":718,"href":"https:\/\/www.mbt-hb.de\/ls\/wp-json\/wp\/v2\/pages\/418\/revisions\/718"}],"wp:attachment":[{"href":"https:\/\/www.mbt-hb.de\/ls\/wp-json\/wp\/v2\/media?parent=418"}],"curies":[{"name":"wp","href":"https:\/\/api.w.org\/{rel}","templated":true}]}}